{"id":445,"date":"2014-05-18T15:56:38","date_gmt":"2014-05-18T13:56:38","guid":{"rendered":"http:\/\/www.perfect-match-blog.de\/?page_id=445"},"modified":"2015-05-04T15:24:41","modified_gmt":"2015-05-04T13:24:41","slug":"impressum","status":"publish","type":"page","link":"http:\/\/www.perfect-match-blog.de\/?page_id=445","title":{"rendered":"Impressum"},"content":{"rendered":"<p>F\u00fcr diese Seite verantwortlich sind:<\/p>\n<p>Lars Reinke und Ivonne Thies<\/p>\n<p>Adresse: Reinke, Fr\u00f6belweg 1d, 22844 Norderstedt \/ Diese Adresse entspricht nicht unserer Wohnanschrift (Einbruch-Schutz). Eine postalische Ereichbarkeit ist jedoch w\u00e4hrend der Reise sichergestellt.<\/p>\n<p>Direkter Kontakt:<\/p>\n<p>E-Mail Ivonne: ivonnethies(&#8230; At&#8230;)gmx.de<\/p>\n<p>E-Mail Lars: l.reinke(&#8230;at&#8230;)reinke-online.com<\/p>\n<p>Newsletter:[wysija_form id=&#8220;1&#8243;]<\/p>\n<p>&nbsp;<\/p>\n<p class=\"paragraph_style_1\" style=\"padding-top: 0px;\">Haftung f\u00fcr Links<\/p>\n<p class=\"paragraph_style_1\" style=\"padding-top: 0px;\">Unser Angebot enth\u00e4lt Links zu externen Webseiten Dritter, auf deren Inhalte wir keinen Einfluss haben. Deshalb k\u00f6nnen wir f\u00fcr diese fremden Inhalte auch keine Gew\u00e4hr \u00fcbernehmen. F\u00fcr die Inhalte der verlinkten Seiten ist stets der jeweilige Anbieter oder Betreiber der Seiten verantwortlich. Die verlinkten Seiten wurden zum Zeitpunkt der Verlinkung auf m\u00f6gliche Rechtsverst\u00f6\u00dfe \u00fcberpr\u00fcft. Rechtswidrige Inhalte waren zum Zeitpunkt der Verlinkung nicht erkennbar. Eine permanente inhaltliche Kontrolle der verlinkten Seiten ist jedoch ohne konkrete Anhaltspunkte einer Rechtsverletzung nicht zumutbar. Bei bekannt werden von Rechtsverletzungen werden wir derartige Links umgehend entfernen. G\u00e4stebucheintr\u00e4ge geben die Meinung des Verfassers wieder. Wir behalten uns dennoch vor, G\u00e4stebucheintr\u00e4ge ggf. zu l\u00f6schen.<\/p>\n<p>Urheberrecht<\/p>\n<p>Wir sind bem\u00fcht, stets die Urheberrechte anderer zu beachten bzw. auf selbst erstellte sowie lizenzfreie Werke zur\u00fcckzugreifen. Die von uns erstellten Inhalte und Werke auf diesen Seiten unterliegen dem deutschen Urheberrecht. Beitr\u00e4ge Dritter sind als solche gekennzeichnet. Die Vervielf\u00e4ltigung, Bearbeitung, Verbreitung und jede Art der Verwertung au\u00dferhalb der Grenzen des Urheberrechtes bed\u00fcrfen der schriftlichen Zustimmung des jeweiligen Autors bzw. Erstellers. Downloads und Kopien dieser Seite sind nur f\u00fcr den privaten, nicht kommerziellen Gebrauch gestattet.<\/p>\n<p>Datenschutz<\/p>\n<p>Der Nutzung von im Rahmen der Impressumspflicht ver\u00f6ffentlichten Kontaktdaten durch Dritte zur \u00dcbersendung von nicht ausdr\u00fccklich angeforderter Werbung und Informationsmaterialien wird hiermit ausdr\u00fccklich widersprochen. Die Betreiber der Seiten behalten sich ausdr\u00fccklich rechtliche Schritte im Falle der unverlangten Zusendung von Werbeinformationen, etwa durch Spam-Mails, vor.<\/p>\n<p>&nbsp;<\/p>\n","protected":false},"excerpt":{"rendered":"<p>F\u00fcr diese Seite verantwortlich sind: Lars Reinke und Ivonne Thies Adresse: Reinke, Fr\u00f6belweg 1d, 22844 Norderstedt \/ Diese Adresse entspricht nicht unserer Wohnanschrift (Einbruch-Schutz). Eine postalische Ereichbarkeit ist jedoch w\u00e4hrend der Reise sichergestellt. Direkter Kontakt: E-Mail Ivonne: ivonnethies(&#8230; At&#8230;)gmx.de E-Mail &hellip; <a href=\"http:\/\/www.perfect-match-blog.de\/?page_id=445\">Weiterlesen <span class=\"meta-nav\">&rarr;<\/span><\/a><\/p>\n","protected":false},"author":3,"featured_media":0,"parent":0,"menu_order":7,"comment_status":"closed","ping_status":"open","template":"sidebar-page.php","meta":{"footnotes":""},"class_list":["post-445","page","type-page","status-publish","hentry"],"jetpack_sharing_enabled":true,"_links":{"self":[{"href":"http:\/\/www.perfect-match-blog.de\/index.php?rest_route=\/wp\/v2\/pages\/445","targetHints":{"allow":["GET"]}}],"collection":[{"href":"http:\/\/www.perfect-match-blog.de\/index.php?rest_route=\/wp\/v2\/pages"}],"about":[{"href":"http:\/\/www.perfect-match-blog.de\/index.php?rest_route=\/wp\/v2\/types\/page"}],"author":[{"embeddable":true,"href":"http:\/\/www.perfect-match-blog.de\/index.php?rest_route=\/wp\/v2\/users\/3"}],"replies":[{"embeddable":true,"href":"http:\/\/www.perfect-match-blog.de\/index.php?rest_route=%2Fwp%2Fv2%2Fcomments&post=445"}],"version-history":[{"count":10,"href":"http:\/\/www.perfect-match-blog.de\/index.php?rest_route=\/wp\/v2\/pages\/445\/revisions"}],"predecessor-version":[{"id":3190,"href":"http:\/\/www.perfect-match-blog.de\/index.php?rest_route=\/wp\/v2\/pages\/445\/revisions\/3190"}],"wp:attachment":[{"href":"http:\/\/www.perfect-match-blog.de\/index.php?rest_route=%2Fwp%2Fv2%2Fmedia&parent=445"}],"curies":[{"name":"wp","href":"https:\/\/api.w.org\/{rel}","templated":true}]}}