{"id":427,"date":"2014-05-18T08:26:05","date_gmt":"2014-05-18T06:26:05","guid":{"rendered":"http:\/\/www.perfect-match-blog.de\/?page_id=427"},"modified":"2022-10-21T18:05:13","modified_gmt":"2022-10-21T16:05:13","slug":"willkommen-auf-unserem-eigenen-blog","status":"publish","type":"page","link":"http:\/\/www.perfect-match-blog.de\/","title":{"rendered":"Willkommen auf unserem Blog"},"content":{"rendered":"<p><span style=\"margin: 0px; color: #373737; font-family: 'Helvetica',sans-serif; font-size: 11.5pt;\">Dieser Blog berichtet von unserem Leben auf See.<br \/>\nAuf diese Weise halten wir die Erlebnisse aus unseren Segeltouren fest, k\u00f6nnen diese teilen und mit Euch in Kontakt bleiben.<\/span><\/p>\n<p><span style=\"margin: 0px; color: #373737; font-family: 'Helvetica',sans-serif; font-size: 11.5pt;\">Wasser \u2013 das ist Lars und mein Element. Wir sind sehr froh, dass wir diese Leidenschaft mit gleicher Intensit\u00e4t teilen und genie\u00dfen die Zeit, die wir als Familie am und auf dem Wasser verbringen k\u00f6nnen sehr.<\/span><\/p>\n<p><span style=\"margin: 0px; color: #373737; font-family: 'Helvetica',sans-serif; font-size: 11.5pt;\">Finn (5 Jahre), sein kleiner Bruder Peer (3 Jahre) und das Wetter haben den gr\u00f6\u00dften Einfluss auf unser t\u00e4gliches T\u00f6rnziel. Lars und mir ist dabei vor allem wichtig, dass wir als Familie zusammen sind und die gemeinsame Zeit genie\u00dfen.<br \/>\nDie Zeit f\u00fcr ambitioniertes Segeln haben Lars und ich schon viele Jahre genossen und wir sind sicher, dass diese Zeit auch sp\u00e4ter wiederkommen wird. Daher trauern wir unserem Spi, den hei\u00dfen Ritten auf den gro\u00dfen Wellen etc. nicht nach und freuen uns auf unsere Familiensommer.<\/span><\/p>\n<p><span style=\"margin: 0px; color: #373737; font-family: 'Helvetica',sans-serif; font-size: 11.5pt;\">Dem Familiensommer 2019 sehen wir mit Vorfreude entgegen.<\/span><\/p>\n<p>Wir w\u00fcnschen Euch viel Spa\u00df beim Lesen unseres Blogs und freuen uns \u00fcber Kommentare und Anregungen von Euch!<\/p>\n<p>Wenn Ihr Lust habt Euch mit uns treiben zu lassen und informiert werden m\u00f6gt, wenn es etwas Neues gibt, dann tragt Euch gerne in den Newsletter ein.<\/p>\n  \n  \n  <div class=\"\n    mailpoet_form_popup_overlay\n      \"><\/div>\n  <div\n    id=\"mailpoet_form_2\"\n    class=\"\n      mailpoet_form\n      mailpoet_form_shortcode\n      mailpoet_form_position_\n      mailpoet_form_animation_\n    \"\n      >\n\n    <style type=\"text\/css\">\n     #mailpoet_form_2 .mailpoet_form {  }\n#mailpoet_form_2 .mailpoet_column_with_background { padding: 10px; }\n#mailpoet_form_2 .mailpoet_form_column:not(:first-child) { margin-left: 20px; }\n#mailpoet_form_2 .mailpoet_paragraph { line-height: 20px; margin-bottom: 20px; }\n#mailpoet_form_2 .mailpoet_segment_label, #mailpoet_form_2 .mailpoet_text_label, #mailpoet_form_2 .mailpoet_textarea_label, #mailpoet_form_2 .mailpoet_select_label, #mailpoet_form_2 .mailpoet_radio_label, #mailpoet_form_2 .mailpoet_checkbox_label, #mailpoet_form_2 .mailpoet_list_label, #mailpoet_form_2 .mailpoet_date_label { display: block; font-weight: normal; }\n#mailpoet_form_2 .mailpoet_text, #mailpoet_form_2 .mailpoet_textarea, #mailpoet_form_2 .mailpoet_select, #mailpoet_form_2 .mailpoet_date_month, #mailpoet_form_2 .mailpoet_date_day, #mailpoet_form_2 .mailpoet_date_year, #mailpoet_form_2 .mailpoet_date { display: block; }\n#mailpoet_form_2 .mailpoet_text, #mailpoet_form_2 .mailpoet_textarea { width: 200px; }\n#mailpoet_form_2 .mailpoet_checkbox {  }\n#mailpoet_form_2 .mailpoet_submit {  }\n#mailpoet_form_2 .mailpoet_divider {  }\n#mailpoet_form_2 .mailpoet_message {  }\n#mailpoet_form_2 .mailpoet_form_loading { width: 30px; text-align: center; line-height: normal; }\n#mailpoet_form_2 .mailpoet_form_loading > span { width: 5px; height: 5px; background-color: #5b5b5b; }#mailpoet_form_2{;}#mailpoet_form_2 .mailpoet_message {margin: 0; padding: 0 20px;}#mailpoet_form_2 .mailpoet_paragraph.last {margin-bottom: 0} @media (max-width: 500px) {#mailpoet_form_2 {background-image: none;}} @media (min-width: 500px) {#mailpoet_form_2 .last .mailpoet_paragraph:last-child {margin-bottom: 0}}  @media (max-width: 500px) {#mailpoet_form_2 .mailpoet_form_column:last-child .mailpoet_paragraph:last-child {margin-bottom: 0}} \n    <\/style>\n\n    <form\n      target=\"_self\"\n      method=\"post\"\n      action=\"http:\/\/www.perfect-match-blog.de\/wp-admin\/admin-post.php?action=mailpoet_subscription_form\"\n      class=\"mailpoet_form mailpoet_form_form mailpoet_form_shortcode\"\n      novalidate\n      data-delay=\"\"\n      data-exit-intent-enabled=\"\"\n      data-font-family=\"\"\n      data-cookie-expiration-time=\"\"\n    >\n      <input type=\"hidden\" name=\"data[form_id]\" value=\"2\" \/>\n      <input type=\"hidden\" name=\"token\" value=\"532705c3b7\" \/>\n      <input type=\"hidden\" name=\"api_version\" value=\"v1\" \/>\n      <input type=\"hidden\" name=\"endpoint\" value=\"subscribers\" \/>\n      <input type=\"hidden\" name=\"mailpoet_method\" value=\"subscribe\" \/>\n\n      <label class=\"mailpoet_hp_email_label\" style=\"display: none !important;\">Bitte dieses Feld leer lassen<input type=\"email\" name=\"data[email]\"\/><\/label><div class=\"mailpoet_paragraph\"><label for=\"form_email_2\" class=\"mailpoet_text_label\"  data-automation-id=\"form_email_label\" >E-Mail <span class=\"mailpoet_required\" aria-hidden=\"true\">*<\/span><\/label><input type=\"email\" autocomplete=\"email\" class=\"mailpoet_text\" id=\"form_email_2\" name=\"data[form_field_YThhNTI5ZDljMjFjX2VtYWls]\" title=\"E-Mail\" value=\"\" data-automation-id=\"form_email\" data-parsley-errors-container=\".mailpoet_error_1lrh1\" data-parsley-required=\"true\" required aria-required=\"true\" data-parsley-minlength=\"6\" data-parsley-maxlength=\"150\" data-parsley-type-message=\"Dieser Wert sollte eine g\u00fcltige E-Mail-Adresse sein.\" data-parsley-required-message=\"Dieses Feld wird ben\u00f6tigt.\"\/><span class=\"mailpoet_error_1lrh1\"><\/span><\/div>\n<div class=\"mailpoet_paragraph\"><input type=\"submit\" class=\"mailpoet_submit\" value=\"Anmelden!\" data-automation-id=\"subscribe-submit-button\" style=\"border-color:transparent;\" \/><span class=\"mailpoet_form_loading\"><span class=\"mailpoet_bounce1\"><\/span><span class=\"mailpoet_bounce2\"><\/span><span class=\"mailpoet_bounce3\"><\/span><\/span><\/div>\n\n      <div class=\"mailpoet_message\">\n        <p class=\"mailpoet_validate_success\"\n                style=\"display:none;\"\n                >Pr\u00fcfen Sie Ihren Posteingang und den Spamordner, um Ihr Abonnement zu best\u00e4tigen.\n        <\/p>\n        <p class=\"mailpoet_validate_error\"\n                style=\"display:none;\"\n                >        <\/p>\n      <\/div>\n    <\/form>\n\n      <\/div>\n\n  \n<p>Herzliche Gr\u00fc\u00dfe von der Crew der Perfect Match<br \/>\nLars, Ivonne mit Finn und Peer<\/p>\n<p><strong><br \/>\nUnsere bisherigen Reisen dokumentiert in diesem Blog:<\/strong><\/p>\n<p><strong>Vorbereitungst\u00f6rns auf die Elternzeit unter Segeln I (Benetau First 31.7)<\/strong><br \/>\nMai\/ Juni 2014\u00a0&#8211; Sammlung erster Erfahrungen\u00a0mit Baby an Bord<br \/>\n<strong>Elternzeit unter Segeln I (Benetau First 31.7)<\/strong><br \/>\n2,5 Monate an Bord mit einem Baby &#8211;\u00a0gestartet am 01.07.2014 als Finn 7 Wochen alt war, zur\u00fcckgekehrt am 13.09.2014, da gute Freunde ihre Hochzeit gefeiert haben<br \/>\n<strong>Elternzeit unter Segeln II (Benetau First 31.7)<\/strong><br \/>\n2 Monate an Bord mit einem Kleinkind (1 Jahr) &#8211; gestartet am 08.05.2015, zur\u00fcckgekehrt am 26.06.2015<br \/>\n<strong>Elternzeit unter Segeln III (Grand Soleil 40)<\/strong><br \/>\nca. 2 Monate an Bord mit Finn (2 Jahre) und seinem kleinen Bruder (geboren Juni 2016) &#8211; erster Blogeintrag 02.06.2016<br \/>\n<strong>Elternzeit unter Segeln IV (Grand Soleil 40)<\/strong><br \/>\nca. 2 Monate an Bord mit Finn (3 Jahre) und Peer (1 Jahr) &#8211; Blogeintr\u00e4ge ab Mai 2017<br \/>\n<strong>Elternzeit unter Segeln V (Grand Soleil 40)<\/strong><br \/>\nca. 6 Wochen an Bord mit Finn (4 Jahre) und Peer (2 Jahre) &#8211; erster Blogeintrag 07. Mai 208<\/p>\n<p>Unter der Rubrik &#8222;unser Schiff&#8220;\/ &#8222;Finn an Bord&#8220; findet Ihr viele Tipps f\u00fcr den Umgang mit Baby und\/ oder Kleinkind an Bord.<\/p>\n","protected":false},"excerpt":{"rendered":"<p>Dieser Blog berichtet von unserem Leben auf See. Auf diese Weise halten wir die Erlebnisse aus unseren Segeltouren fest, k\u00f6nnen diese teilen und mit Euch in Kontakt bleiben. Wasser \u2013 das ist Lars und mein Element. Wir sind sehr froh, &hellip; <a href=\"http:\/\/www.perfect-match-blog.de\/\">Weiterlesen <span class=\"meta-nav\">&rarr;<\/span><\/a><\/p>\n","protected":false},"author":1,"featured_media":0,"parent":0,"menu_order":1,"comment_status":"closed","ping_status":"open","template":"sidebar-page.php","meta":{"footnotes":""},"class_list":["post-427","page","type-page","status-publish","hentry"],"jetpack_sharing_enabled":true,"_links":{"self":[{"href":"http:\/\/www.perfect-match-blog.de\/index.php?rest_route=\/wp\/v2\/pages\/427","targetHints":{"allow":["GET"]}}],"collection":[{"href":"http:\/\/www.perfect-match-blog.de\/index.php?rest_route=\/wp\/v2\/pages"}],"about":[{"href":"http:\/\/www.perfect-match-blog.de\/index.php?rest_route=\/wp\/v2\/types\/page"}],"author":[{"embeddable":true,"href":"http:\/\/www.perfect-match-blog.de\/index.php?rest_route=\/wp\/v2\/users\/1"}],"replies":[{"embeddable":true,"href":"http:\/\/www.perfect-match-blog.de\/index.php?rest_route=%2Fwp%2Fv2%2Fcomments&post=427"}],"version-history":[{"count":27,"href":"http:\/\/www.perfect-match-blog.de\/index.php?rest_route=\/wp\/v2\/pages\/427\/revisions"}],"predecessor-version":[{"id":16127,"href":"http:\/\/www.perfect-match-blog.de\/index.php?rest_route=\/wp\/v2\/pages\/427\/revisions\/16127"}],"wp:attachment":[{"href":"http:\/\/www.perfect-match-blog.de\/index.php?rest_route=%2Fwp%2Fv2%2Fmedia&parent=427"}],"curies":[{"name":"wp","href":"https:\/\/api.w.org\/{rel}","templated":true}]}}