{"id":2885,"date":"2015-07-02T12:44:54","date_gmt":"2015-07-02T10:44:54","guid":{"rendered":"http:\/\/www.perfect-match-blog.de\/?page_id=2885"},"modified":"2015-07-02T13:06:17","modified_gmt":"2015-07-02T11:06:17","slug":"internet-an-bord-gsmumtslte","status":"publish","type":"page","link":"http:\/\/www.perfect-match-blog.de\/?page_id=2885","title":{"rendered":"Internet an Bord &#8211; WLAN Router"},"content":{"rendered":"<p>W\u00e4hrend unserer Reisen haben wir verschiedene SIM Karten und WLAN-Antennen und mobile LTE Router ausprobiert. Wir werden h\u00e4ufig auf unser WLAN angesprochen, daher wollen wir dieses Thema hier im Blog f\u00fcr interessierte beschreiben.<\/p>\n<p>Allgemein&#8230; Was ist ein WLAN Router? Eine Mobiler Router ist vergl. mit einem Handy, nur das man nicht damit telefoniert, sondern das Ger\u00e4t einen WLAN erzeugt, in das sich dann alle Ger\u00e4te an Bord einw\u00e4hlen k\u00f6nnen. Somit kann man sich die Roamingkosten \u00fcber die Deutschen Anbieter sparen. Er hat genau wie ein Handy ein Akku und kann meistens mit MiniUSB-Kabeln geladen werden. Wir haben 12V USB Adapter, so dass die Router \u00fcber das Bordnetz geladen werden. Ein WLAN Router ben\u00f6tigt wie ein Handy eine SIM Karte. Die Einstellung ist denkbar simpel geworden. SIM Karte in den Router einlegen, Akku einstecken, anschalten. Das Ger\u00e4t erzeugt ein WLAN, das man im Handy\/Tablett\/Laptop ausw\u00e4hlt und sich mit dem entsprechenden Kennwort einloggen kann. Bei Gebieten mit schlechten Empfang, ziehen wir diese Ger\u00e4te in einem kleinen Beutel ein paar Meter in den Mast um den Empfang zu verbessern. Diesen Urlaub haben wir das nur einmal machen m\u00fcssen, da die Netze in Skandinavien sehr gut ausgebaut sind.<\/p>\n<p>Diese Ger\u00e4te gibt es wie immer im Preissegement von&#8230; bis. Einfache Ger\u00e4te die den UMTS Standard haben gibt es bei Amazon f\u00fcr 30-50 EUR. Ger\u00e4te die den schnelleren LTE Standard k\u00f6nnen kosten rund 100 EUR.<\/p>\n<p>Alle D\u00e4nischen Prepaid Karten die ich kenne, k\u00f6nnen derzeit nur UMTS in Schweden allerdings bietet Telia schon sehr g\u00fcnstig LTE an. Mehr zu den SIM Karten in dem eigenen Artikel<\/p>\n<p>Hier ein kurzes Video, um den &#8222;Schrecken&#8220; vor dieser Technik zu nehmen.<\/p>\n<div style=\"width: 584px;\" class=\"wp-video\"><video class=\"wp-video-shortcode\" id=\"video-2885-1\" width=\"584\" height=\"329\" preload=\"metadata\" controls=\"controls\"><source type=\"video\/mp4\" src=\"http:\/\/www.perfect-match-blog.de\/wp-content\/uploads\/2015\/07\/WLANRouter.mp4?_=1\" \/><a href=\"http:\/\/www.perfect-match-blog.de\/wp-content\/uploads\/2015\/07\/WLANRouter.mp4\">http:\/\/www.perfect-match-blog.de\/wp-content\/uploads\/2015\/07\/WLANRouter.mp4<\/a><\/video><\/div>\n<p><a href=\"http:\/\/www.amazon.de\/Netgear-AC785-100EUS-AirCard-Mobile-Hotspot\/dp\/B00P7GSCFW\/ref=sr_1_1?ie=UTF8&amp;qid=1435834161&amp;sr=8-1&amp;keywords=netgear+lte+hotspot\" target=\"_blank\">Mein pers\u00f6nlicher Favorit ist der Netgear AC785-100EUS<\/a>. Die Akku Laufzeit ist sehr gut und das Ger\u00e4t ist sehr schnell in Up-und Download. Achtung dieser Router ben\u00f6tigt SIM Karten im MicroSim Format<\/p>\n<p id=\"productTitle\" class=\"a-size-large\">Weiter haben wir noch einen <span id=\"productTitle\" class=\"a-size-large\">Huawei E5377Ts-32 an Bord. Er hat die zus\u00e4tzliche Funktion &#8222;WLAN Extender&#8220;.\u00a0 <\/span>F\u00fcr mich nur nur 2. Wahl.<\/p>\n<p class=\"a-size-large\">Bei uns an Bord wird das WLAN vom Netgear noch \u00fcber ein RaspberryPi mit den Daten aus der Bordelekrtonik (AIS\/Wind\/Tiefe\/LOG usw.) kombiniert und wiederrum als WLAN bereitgestellt. Dieses sollte man aber nur machen, wenn man sich mit Themen wie Linux\/Putty usw. auskennt, denn dazu ist der Bastel und Konfigurationsaufwand deutlich gr\u00f6\u00dfer als bei den zuvor beschriebenen fertigen Akku-Ger\u00e4ten.<\/p>\n<p class=\"a-size-large\">Wenn Ihr Fragen dazu habt&#8230; immer gerne.<\/p>\n","protected":false},"excerpt":{"rendered":"<p>W\u00e4hrend unserer Reisen haben wir verschiedene SIM Karten und WLAN-Antennen und mobile LTE Router ausprobiert. Wir werden h\u00e4ufig auf unser WLAN angesprochen, daher wollen wir dieses Thema hier im Blog f\u00fcr interessierte beschreiben. Allgemein&#8230; Was ist ein WLAN Router? Eine &hellip; <a href=\"http:\/\/www.perfect-match-blog.de\/?page_id=2885\">Weiterlesen <span class=\"meta-nav\">&rarr;<\/span><\/a><\/p>\n","protected":false},"author":3,"featured_media":0,"parent":436,"menu_order":0,"comment_status":"open","ping_status":"open","template":"","meta":{"footnotes":""},"class_list":["post-2885","page","type-page","status-publish","hentry"],"jetpack_sharing_enabled":true,"_links":{"self":[{"href":"http:\/\/www.perfect-match-blog.de\/index.php?rest_route=\/wp\/v2\/pages\/2885","targetHints":{"allow":["GET"]}}],"collection":[{"href":"http:\/\/www.perfect-match-blog.de\/index.php?rest_route=\/wp\/v2\/pages"}],"about":[{"href":"http:\/\/www.perfect-match-blog.de\/index.php?rest_route=\/wp\/v2\/types\/page"}],"author":[{"embeddable":true,"href":"http:\/\/www.perfect-match-blog.de\/index.php?rest_route=\/wp\/v2\/users\/3"}],"replies":[{"embeddable":true,"href":"http:\/\/www.perfect-match-blog.de\/index.php?rest_route=%2Fwp%2Fv2%2Fcomments&post=2885"}],"version-history":[{"count":8,"href":"http:\/\/www.perfect-match-blog.de\/index.php?rest_route=\/wp\/v2\/pages\/2885\/revisions"}],"predecessor-version":[{"id":4277,"href":"http:\/\/www.perfect-match-blog.de\/index.php?rest_route=\/wp\/v2\/pages\/2885\/revisions\/4277"}],"up":[{"embeddable":true,"href":"http:\/\/www.perfect-match-blog.de\/index.php?rest_route=\/wp\/v2\/pages\/436"}],"wp:attachment":[{"href":"http:\/\/www.perfect-match-blog.de\/index.php?rest_route=%2Fwp%2Fv2%2Fmedia&parent=2885"}],"curies":[{"name":"wp","href":"https:\/\/api.w.org\/{rel}","templated":true}]}}